{"id":810,"date":"2018-12-22T16:34:31","date_gmt":"2018-12-22T15:34:31","guid":{"rendered":"https:\/\/equiliberty.org\/portrait\/"},"modified":"2019-01-27T16:13:56","modified_gmt":"2019-01-27T15:13:56","slug":"portrait","status":"publish","type":"page","link":"https:\/\/equiliberty.org\/fr\/portrait\/","title":{"rendered":"Portrait"},"content":{"rendered":"<p>[vc_row row_height_percent=\u00a0\u00bb0&Prime; overlay_alpha=\u00a0\u00bb50&Prime; gutter_size=\u00a0\u00bb3&Prime; column_width_percent=\u00a0\u00bb100&Prime; mobile_visibility=\u00a0\u00bbyes\u00a0\u00bb shift_y=\u00a0\u00bb0&Prime; z_index=\u00a0\u00bb0&Prime; css=\u00a0\u00bb.vc_custom_1546527884186{padding-top: 18px !important;}\u00a0\u00bb][vc_column column_width_percent=\u00a0\u00bb100&Prime; align_horizontal=\u00a0\u00bbalign_center\u00a0\u00bb overlay_alpha=\u00a0\u00bb50&Prime; gutter_size=\u00a0\u00bb3&Prime; medium_width=\u00a0\u00bb0&Prime; mobile_width=\u00a0\u00bb0&Prime; shift_x=\u00a0\u00bb0&Prime; shift_y=\u00a0\u00bb0&Prime; shift_y_down=\u00a0\u00bb0&Prime; z_index=\u00a0\u00bb0&Prime; width=\u00a0\u00bb1\/1&Prime;][vc_custom_heading heading_semantic=\u00a0\u00bbh3&Prime; text_size=\u00a0\u00bbh3&Prime; text_weight=\u00a0\u00bb500&Prime; text_italic=\u00a0\u00bbyes\u00a0\u00bb text_color=\u00a0\u00bbaccent\u00a0\u00bb]Life is energy<br \/>\nEnergy cannot be destroyed<br \/>\nBlock it and it will harm you<br \/>\nFollow it blindly and it will betray you<br \/>\nMaster it and it will serve you<br \/>\nBe balanced, be free \u2013<br \/>\nEquiliberty![\/vc_custom_heading][\/vc_column][\/vc_row][vc_row row_height_percent=\u00a0\u00bb0&Prime; override_padding=\u00a0\u00bbyes\u00a0\u00bb h_padding=\u00a0\u00bb0&Prime; top_padding=\u00a0\u00bb2&Prime; bottom_padding=\u00a0\u00bb2&Prime; overlay_alpha=\u00a0\u00bb50&Prime; gutter_size=\u00a0\u00bb3&Prime; column_width_percent=\u00a0\u00bb100&Prime; desktop_visibility=\u00a0\u00bbyes\u00a0\u00bb medium_visibility=\u00a0\u00bbyes\u00a0\u00bb shift_y=\u00a0\u00bb0&Prime; z_index=\u00a0\u00bb0&Prime;][vc_column column_width_percent=\u00a0\u00bb100&Prime; align_horizontal=\u00a0\u00bbalign_center\u00a0\u00bb overlay_alpha=\u00a0\u00bb50&Prime; gutter_size=\u00a0\u00bb3&Prime; medium_width=\u00a0\u00bb0&Prime; mobile_width=\u00a0\u00bb0&Prime; shift_x=\u00a0\u00bb0&Prime; shift_y=\u00a0\u00bb0&Prime; shift_y_down=\u00a0\u00bb0&Prime; z_index=\u00a0\u00bb0&Prime; width=\u00a0\u00bb1\/1&Prime;][vc_custom_heading heading_semantic=\u00a0\u00bbh5&Prime; text_size=\u00a0\u00bbh5&Prime; text_weight=\u00a0\u00bb500&Prime; text_italic=\u00a0\u00bbyes\u00a0\u00bb text_color=\u00a0\u00bbaccent\u00a0\u00bb]Life is energy<br \/>\nEnergy cannot be destroyed<br \/>\nBlock it and it will harm you<br \/>\nFollow it blindly and it will betray you<br \/>\nMaster it and it will serve you<br \/>\nBe balanced, be free \u2013<br \/>\nEquiliberty![\/vc_custom_heading][\/vc_column][\/vc_row][vc_row row_height_percent=\u00a0\u00bb0&Prime; override_padding=\u00a0\u00bbyes\u00a0\u00bb h_padding=\u00a0\u00bb2&Prime; top_padding=\u00a0\u00bb0&Prime; bottom_padding=\u00a0\u00bb2&Prime; overlay_alpha=\u00a0\u00bb50&Prime; gutter_size=\u00a0\u00bb3&Prime; column_width_percent=\u00a0\u00bb100&Prime; shift_y=\u00a0\u00bb0&Prime; z_index=\u00a0\u00bb0&Prime;][vc_column column_width_percent=\u00a0\u00bb100&Prime; align_horizontal=\u00a0\u00bbalign_center\u00a0\u00bb overlay_alpha=\u00a0\u00bb50&Prime; gutter_size=\u00a0\u00bb3&Prime; medium_width=\u00a0\u00bb0&Prime; mobile_width=\u00a0\u00bb0&Prime; shift_x=\u00a0\u00bb0&Prime; shift_y=\u00a0\u00bb0&Prime; shift_y_down=\u00a0\u00bb0&Prime; z_index=\u00a0\u00bb0&Prime; width=\u00a0\u00bb1\/1&Prime;][vc_column_text el_class=\u00a0\u00bbstrongerbold no-br\u00a0\u00bb]Equiliberty Consulting est une soci\u00e9t\u00e9 de conseil cr\u00e9\u00e9e et dirig\u00e9e par Dr.<br \/>\nKatarina Melzer dans le but d\u2019am\u00e9liorer la gestion de la sant\u00e9 individuelle et<br \/>\ncollective gr\u00e2ce \u00e0 une compr\u00e9hension scientifique, orient\u00e9e vers la pratique,<br \/>\nles effets de la nutrition et de l\u2019activit\u00e9 physique sur la sant\u00e9<br \/>\net sur la r\u00e9gulation du poids corporel.<\/p>\n<p>Nous proposons les <a href=\"https:\/\/equiliberty.org\/fr\/recherche\/\">recherches<\/a>, les plus r\u00e9centes, des <a href=\"https:\/\/equiliberty.org\/fr\/conseil\/\">conseils<\/a> d&rsquo;experts et<br \/>\ndes <a href=\"https:\/\/equiliberty.org\/fr\/formation\/\">formations<\/a> personnalis\u00e9es \u00e0 des clients particuliers et issus du monde<br \/>\nuniversitaire, des pouvoirs publics, des organisations internationales,<br \/>\ndes entreprises et de la soci\u00e9t\u00e9 civile. Notre objectif est de<br \/>\ntraduire les d\u00e9couvertes scientifiques les plus r\u00e9centes<br \/>\nen recommandations orient\u00e9es vers la pratique<br \/>\npour obtenir les r\u00e9sultats souhait\u00e9s en mati\u00e8re<br \/>\nde sant\u00e9 collective ou individuelle.[\/vc_column_text][\/vc_column][\/vc_row][vc_row row_height_percent=\u00a0\u00bb0&Prime; override_padding=\u00a0\u00bbyes\u00a0\u00bb h_padding=\u00a0\u00bb5&Prime; top_padding=\u00a0\u00bb2&Prime; bottom_padding=\u00a0\u00bb2&Prime; overlay_alpha=\u00a0\u00bb50&Prime; gutter_size=\u00a0\u00bb3&Prime; column_width_percent=\u00a0\u00bb100&Prime; medium_visibility=\u00a0\u00bbyes\u00a0\u00bb mobile_visibility=\u00a0\u00bbyes\u00a0\u00bb shift_y=\u00a0\u00bb0&Prime; z_index=\u00a0\u00bb0&Prime;][vc_column column_width_percent=\u00a0\u00bb100&Prime; position_vertical=\u00a0\u00bbmiddle\u00a0\u00bb overlay_alpha=\u00a0\u00bb50&Prime; gutter_size=\u00a0\u00bb3&Prime; medium_width=\u00a0\u00bb0&Prime; mobile_width=\u00a0\u00bb0&Prime; shift_x=\u00a0\u00bb0&Prime; shift_y=\u00a0\u00bb0&Prime; shift_y_down=\u00a0\u00bb0&Prime; z_index=\u00a0\u00bb0&Prime; width=\u00a0\u00bb1\/1&Prime;][vc_row_inner row_inner_height_percent=\u00a0\u00bb0&Prime; back_image=\u00a0\u00bb171&Prime; back_repeat=\u00a0\u00bbno-repeat\u00a0\u00bb back_position=\u00a0\u00bbcenter top\u00a0\u00bb overlay_alpha=\u00a0\u00bb50&Prime; gutter_size=\u00a0\u00bb3&Prime; shift_y=\u00a0\u00bb0&Prime; z_index=\u00a0\u00bb0&Prime; border_style=\u00a0\u00bbsolid\u00a0\u00bb css=\u00a0\u00bb.vc_custom_1547039488173{padding-top: 375px !important;padding-right: 50px !important;padding-bottom: 220px !important;padding-left: 50px !important;}\u00a0\u00bb][vc_column_inner column_width_percent=\u00a0\u00bb100&Prime; position_vertical=\u00a0\u00bbmiddle\u00a0\u00bb align_horizontal=\u00a0\u00bbalign_center\u00a0\u00bb gutter_size=\u00a0\u00bb3&Prime; overlay_color=\u00a0\u00bbcolor-xsdn\u00a0\u00bb overlay_alpha=\u00a0\u00bb60&Prime; medium_width=\u00a0\u00bb0&Prime; mobile_width=\u00a0\u00bb0&Prime; shift_x=\u00a0\u00bb0&Prime; shift_y=\u00a0\u00bb0&Prime; shift_y_down=\u00a0\u00bb0&Prime; z_index=\u00a0\u00bb0&Prime; width=\u00a0\u00bb1\/1&Prime;][vc_column_text css=\u00a0\u00bb.vc_custom_1548207973069{padding-top: 15px !important;padding-right: 15px !important;padding-bottom: 15px !important;padding-left: 15px !important;}\u00a0\u00bb]Experte et conf\u00e9renci\u00e8re accomplie en nutrition et physiologie, Dr. Melzer est<br \/>\ntitulaire d&rsquo;un doctorat en sciences de la vie (Universit\u00e9 de Lausanne), ainsi que<br \/>\nd&rsquo;une ma\u00eetrise en nutrition (Universit\u00e9 am\u00e9ricaine de Beyrouth) et en technologie<br \/>\ndes aliments (Universit\u00e9 de Belgrade). Ayant dirig\u00e9 des \u00e9valuations nutritionnelles<br \/>\nsur le terrain (Comit\u00e9 international de la Croix-Rouge), des \u00e9tudes cliniques<br \/>\n(H\u00f4pitaux universitaires de Gen\u00e8ve) et des recherches nationales (Institut<br \/>\nf\u00e9d\u00e9ral Suisse du sport), elle est \u00e9galement membre de la facult\u00e9 de<br \/>\nla Soci\u00e9t\u00e9 europ\u00e9enne pour la nutrition clinique et le m\u00e9tabolisme<br \/>\n(ESPEN). Elle travaille \u00e9troitement avec des experts et institutions<br \/>\nparmi les plus distingu\u00e9s dans son domaine, publiant<br \/>\nr\u00e9guli\u00e8rement dans des revues scientifiques<br \/>\nrenomm\u00e9es et contribuant \u00e0 des conf\u00e9rences<br \/>\ninternationales en tant que pr\u00e9sidente,<br \/>\nmod\u00e9ratrice et conf\u00e9renci\u00e8re.[\/vc_column_text][\/vc_column_inner][\/vc_row_inner][\/vc_column][\/vc_row][vc_row row_height_percent=\u00a0\u00bb0&Prime; back_image=\u00a0\u00bb171&Prime; back_repeat=\u00a0\u00bbno-repeat\u00a0\u00bb back_position=\u00a0\u00bbcenter top\u00a0\u00bb overlay_alpha=\u00a0\u00bb50&Prime; gutter_size=\u00a0\u00bb3&Prime; column_width_percent=\u00a0\u00bb100&Prime; desktop_visibility=\u00a0\u00bbyes\u00a0\u00bb shift_y=\u00a0\u00bb0&Prime; z_index=\u00a0\u00bb0&Prime; css=\u00a0\u00bb.vc_custom_1548116697426{padding-top: 375px !important;padding-bottom: 210px !important;}\u00a0\u00bb][vc_column column_width_percent=\u00a0\u00bb100&Prime; align_horizontal=\u00a0\u00bbalign_center\u00a0\u00bb overlay_color=\u00a0\u00bbcolor-xsdn\u00a0\u00bb overlay_alpha=\u00a0\u00bb69&Prime; gutter_size=\u00a0\u00bb3&Prime; medium_width=\u00a0\u00bb0&Prime; mobile_width=\u00a0\u00bb0&Prime; shift_x=\u00a0\u00bb0&Prime; shift_y=\u00a0\u00bb0&Prime; shift_y_down=\u00a0\u00bb0&Prime; z_index=\u00a0\u00bb0&Prime; width=\u00a0\u00bb1\/1&Prime;][vc_column_text css=\u00a0\u00bb.vc_custom_1548207988116{padding-top: 15px !important;padding-right: 15px !important;padding-bottom: 15px !important;padding-left: 15px !important;}\u00a0\u00bb]Experte et conf\u00e9renci\u00e8re accomplie en nutrition et physiologie, Dr. Melzer est titulaire d&rsquo;un doctorat en sciences de la vie (Universit\u00e9 de Lausanne), ainsi que d&rsquo;une ma\u00eetrise en nutrition (Universit\u00e9 am\u00e9ricaine de Beyrouth) et en technologie des aliments (Universit\u00e9 de Belgrade). Ayant dirig\u00e9 des \u00e9valuations nutritionnelles sur le terrain (Comit\u00e9 international de la Croix-Rouge), des \u00e9tudes cliniques (H\u00f4pitaux universitaires de Gen\u00e8ve) et des recherches nationales (Institut f\u00e9d\u00e9ral Suisse du sport), elle est \u00e9galement membre de la facult\u00e9 de la Soci\u00e9t\u00e9 europ\u00e9enne pour la nutrition clinique et le m\u00e9tabolisme (ESPEN). Elle travaille \u00e9troitement avec des experts et institutions parmi les plus distingu\u00e9s dans son domaine, publiant r\u00e9guli\u00e8rement dans des revues scientifiques renomm\u00e9es et contribuant \u00e0 des conf\u00e9rences<br \/>\ninternationales en tant que pr\u00e9sidente, mod\u00e9ratrice et conf\u00e9renci\u00e8re.[\/vc_column_text][\/vc_column][\/vc_row][vc_row row_height_percent=\u00a0\u00bb0&Prime; override_padding=\u00a0\u00bbyes\u00a0\u00bb h_padding=\u00a0\u00bb0&Prime; top_padding=\u00a0\u00bb2&Prime; bottom_padding=\u00a0\u00bb2&Prime; overlay_alpha=\u00a0\u00bb50&Prime; gutter_size=\u00a0\u00bb3&Prime; column_width_percent=\u00a0\u00bb100&Prime; shift_y=\u00a0\u00bb0&Prime; z_index=\u00a0\u00bb0&Prime;][vc_column width=\u00a0\u00bb1\/1&Prime;][vc_column_text el_class=\u00a0\u00bbstrongerbold\u00a0\u00bb]<\/p>\n<p style=\"text-align: center;\"><a href=\"#\">Collaborations r\u00e9cents<\/a><\/p>\n<p>[\/vc_column_text][\/vc_column][\/vc_row][vc_row row_height_percent=\u00a0\u00bb0&Prime; overlay_alpha=\u00a0\u00bb50&Prime; gutter_size=\u00a0\u00bb3&Prime; column_width_percent=\u00a0\u00bb100&Prime; shift_y=\u00a0\u00bb0&Prime; z_index=\u00a0\u00bb0&Prime; el_class=\u00a0\u00bbclents-phone\u00a0\u00bb][vc_column width=\u00a0\u00bb1\/6&Prime;][vc_single_image media=\u00a0\u00bb278&Prime; media_width_use_pixel=\u00a0\u00bbyes\u00a0\u00bb alignment=\u00a0\u00bbcenter\u00a0\u00bb media_width_pixel=\u00a0\u00bb140&Prime;][\/vc_column][vc_column width=\u00a0\u00bb1\/6&Prime;][vc_single_image media=\u00a0\u00bb283&Prime; media_width_use_pixel=\u00a0\u00bbyes\u00a0\u00bb alignment=\u00a0\u00bbcenter\u00a0\u00bb media_width_pixel=\u00a0\u00bb140&Prime;][\/vc_column][vc_column width=\u00a0\u00bb1\/6&Prime;][vc_single_image media=\u00a0\u00bb272&Prime; media_width_use_pixel=\u00a0\u00bbyes\u00a0\u00bb alignment=\u00a0\u00bbcenter\u00a0\u00bb media_width_pixel=\u00a0\u00bb140&Prime;][\/vc_column][vc_column width=\u00a0\u00bb1\/6&Prime;][vc_single_image media=\u00a0\u00bb277&Prime; media_width_use_pixel=\u00a0\u00bbyes\u00a0\u00bb alignment=\u00a0\u00bbcenter\u00a0\u00bb media_width_pixel=\u00a0\u00bb140&Prime;][\/vc_column][vc_column width=\u00a0\u00bb1\/6&Prime;][vc_single_image media=\u00a0\u00bb274&Prime; media_width_use_pixel=\u00a0\u00bbyes\u00a0\u00bb alignment=\u00a0\u00bbcenter\u00a0\u00bb media_width_pixel=\u00a0\u00bb140&Prime;][\/vc_column][vc_column width=\u00a0\u00bb1\/6&Prime;][vc_single_image media=\u00a0\u00bb276&Prime; media_width_use_pixel=\u00a0\u00bbyes\u00a0\u00bb alignment=\u00a0\u00bbcenter\u00a0\u00bb media_width_pixel=\u00a0\u00bb140&Prime;][\/vc_column][\/vc_row][vc_row row_height_percent=\u00a0\u00bb0&Prime; overlay_alpha=\u00a0\u00bb50&Prime; gutter_size=\u00a0\u00bb3&Prime; column_width_percent=\u00a0\u00bb100&Prime; shift_y=\u00a0\u00bb0&Prime; z_index=\u00a0\u00bb0&Prime; el_class=\u00a0\u00bbclents-phone\u00a0\u00bb][vc_column width=\u00a0\u00bb1\/6&Prime;][vc_single_image media=\u00a0\u00bb280&Prime; media_width_use_pixel=\u00a0\u00bbyes\u00a0\u00bb alignment=\u00a0\u00bbcenter\u00a0\u00bb media_width_pixel=\u00a0\u00bb140&Prime;][\/vc_column][vc_column width=\u00a0\u00bb1\/6&Prime;][vc_single_image media=\u00a0\u00bb275&Prime; media_width_use_pixel=\u00a0\u00bbyes\u00a0\u00bb alignment=\u00a0\u00bbcenter\u00a0\u00bb media_width_pixel=\u00a0\u00bb140&Prime;][\/vc_column][vc_column width=\u00a0\u00bb1\/6&Prime;][vc_single_image media=\u00a0\u00bb281&Prime; media_width_use_pixel=\u00a0\u00bbyes\u00a0\u00bb alignment=\u00a0\u00bbcenter\u00a0\u00bb media_width_pixel=\u00a0\u00bb140&Prime;][\/vc_column][vc_column width=\u00a0\u00bb1\/6&Prime;][vc_single_image media=\u00a0\u00bb279&Prime; media_width_use_pixel=\u00a0\u00bbyes\u00a0\u00bb alignment=\u00a0\u00bbcenter\u00a0\u00bb media_width_pixel=\u00a0\u00bb140&Prime;][\/vc_column][vc_column width=\u00a0\u00bb1\/6&Prime;][vc_single_image media=\u00a0\u00bb282&Prime; media_width_use_pixel=\u00a0\u00bbyes\u00a0\u00bb alignment=\u00a0\u00bbcenter\u00a0\u00bb media_width_pixel=\u00a0\u00bb140&Prime;][\/vc_column][vc_column width=\u00a0\u00bb1\/6&Prime;][vc_single_image media=\u00a0\u00bb273&Prime; media_width_use_pixel=\u00a0\u00bbyes\u00a0\u00bb alignment=\u00a0\u00bbcenter\u00a0\u00bb media_width_pixel=\u00a0\u00bb140&Prime;][\/vc_column][\/vc_row][vc_row unlock_row=\u00a0\u00bb\u00a0\u00bb row_height_percent=\u00a0\u00bb0&Prime; overlay_alpha=\u00a0\u00bb50&Prime; equal_height=\u00a0\u00bbyes\u00a0\u00bb gutter_size=\u00a0\u00bb3&Prime; column_width_percent=\u00a0\u00bb100&Prime; medium_visibility=\u00a0\u00bbyes\u00a0\u00bb mobile_visibility=\u00a0\u00bbyes\u00a0\u00bb shift_y=\u00a0\u00bb0&Prime; z_index=\u00a0\u00bb0&Prime;][vc_column column_width_percent=\u00a0\u00bb100&Prime; position_vertical=\u00a0\u00bbmiddle\u00a0\u00bb align_horizontal=\u00a0\u00bbalign_center\u00a0\u00bb overlay_alpha=\u00a0\u00bb33&Prime; gutter_size=\u00a0\u00bb3&Prime; medium_visibility=\u00a0\u00bbyes\u00a0\u00bb medium_width=\u00a0\u00bb0&Prime; mobile_visibility=\u00a0\u00bbyes\u00a0\u00bb mobile_width=\u00a0\u00bb0&Prime; shift_x=\u00a0\u00bb0&Prime; shift_y=\u00a0\u00bb0&Prime; shift_y_down=\u00a0\u00bb0&Prime; z_index=\u00a0\u00bb0&Prime; width=\u00a0\u00bb1\/4&Prime;][vc_single_image media=\u00a0\u00bb1234&Prime; media_width_percent=\u00a0\u00bb100&Prime; advanced=\u00a0\u00bbyes\u00a0\u00bb media_items=\u00a0\u00bbmedia|original,title,description\u00a0\u00bb media_overlay_opacity=\u00a0\u00bb50&Prime; media_text_visible=\u00a0\u00bbyes\u00a0\u00bb media_overlay_visible=\u00a0\u00bbyes\u00a0\u00bb media_h_align=\u00a0\u00bbcenter\u00a0\u00bb media_padding=\u00a0\u00bb2&Prime; media_link=\u00a0\u00bburl:https%3A%2F%2Fequiliberty.org%2Ffr%2Fblog%2F|||\u00a0\u00bb][\/vc_column][vc_column width=\u00a0\u00bb1\/2&Prime;][vc_empty_space empty_h=\u00a0\u00bb2&Prime; desktop_visibility=\u00a0\u00bbyes\u00a0\u00bb mobile_visibility=\u00a0\u00bbyes\u00a0\u00bb][vc_raw_html]JTNDdmlkZW8lMjBjb250cm9scyUyMGF1dG9wbGF5JTIwbG9vcCUyMG11dGVkJTIwcGxheXNpbmxpbmUlM0UlMEElMjAlMjAlM0Nzb3VyY2UlMjBzcmMlM0QlMjJodHRwcyUzQSUyRiUyRmVxdWlsaWJlcnR5Lm9yZyUyRndwLWNvbnRlbnQlMkZ1cGxvYWRzJTJGMjAxOSUyRjAxJTJGbGlmZXN0eWxlLXNtYWxsLm1wNCUyMiUyMHR5cGUlM0QlMjJ2aWRlbyUyRm1wNCUyMiUzRSUwQSUyMCUyMCUzQ3NvdXJjZSUyMHNyYyUzRCUyMmh0dHBzJTNBJTJGJTJGZXF1aWxpYmVydHkub3JnJTJGd3AtY29udGVudCUyRnVwbG9hZHMlMkYyMDE5JTJGMDElMkZsaWZlc3R5bGUtc21hbGwub2dnJTIyJTIwdHlwZSUzRCUyMnZpZGVvJTJGb2dnJTIyJTNFJTBBWW91ciUyMGJyb3dzZXIlMjBkb2VzJTIwbm90JTIwc3VwcG9ydCUyMHRoZSUyMHZpZGVvJTIwdGFnLiUwQSUzQyUyRnZpZGVvJTNFJTBBJTNDc2NyaXB0JTNFJTBBJTIwJTIwJTIwJTIwZG9jdW1lbnQuZ2V0RWxlbWVudEJ5SWQlMjglMjd2aWQlMjclMjkucGxheSUyOCUyOSUzQiUwQSUzQyUyRnNjcmlwdCUzRQ==[\/vc_raw_html][\/vc_column][vc_column column_width_percent=\u00a0\u00bb100&Prime; position_vertical=\u00a0\u00bbmiddle\u00a0\u00bb align_horizontal=\u00a0\u00bbalign_center\u00a0\u00bb overlay_alpha=\u00a0\u00bb33&Prime; gutter_size=\u00a0\u00bb3&Prime; medium_width=\u00a0\u00bb0&Prime; mobile_width=\u00a0\u00bb0&Prime; shift_x=\u00a0\u00bb0&Prime; shift_y=\u00a0\u00bb0&Prime; shift_y_down=\u00a0\u00bb0&Prime; z_index=\u00a0\u00bb0&Prime; width=\u00a0\u00bb1\/4&Prime;][vc_single_image media=\u00a0\u00bb1223&Prime; media_width_percent=\u00a0\u00bb100&Prime; advanced=\u00a0\u00bbyes\u00a0\u00bb media_items=\u00a0\u00bbmedia|original,title,description\u00a0\u00bb media_overlay_opacity=\u00a0\u00bb50&Prime; media_text_visible=\u00a0\u00bbyes\u00a0\u00bb media_overlay_visible=\u00a0\u00bbyes\u00a0\u00bb media_h_align=\u00a0\u00bbcenter\u00a0\u00bb media_padding=\u00a0\u00bb2&Prime; media_link=\u00a0\u00bburl:https%3A%2F%2Fequiliberty.org%2Ffr%2Fblog%2F|||\u00a0\u00bb][\/vc_column][\/vc_row][vc_row unlock_row=\u00a0\u00bb\u00a0\u00bb row_height_percent=\u00a0\u00bb0&Prime; overlay_alpha=\u00a0\u00bb50&Prime; equal_height=\u00a0\u00bbyes\u00a0\u00bb gutter_size=\u00a0\u00bb3&Prime; column_width_percent=\u00a0\u00bb100&Prime; desktop_visibility=\u00a0\u00bbyes\u00a0\u00bb shift_y=\u00a0\u00bb0&Prime; z_index=\u00a0\u00bb0&Prime;][vc_column column_width_percent=\u00a0\u00bb100&Prime; position_vertical=\u00a0\u00bbmiddle\u00a0\u00bb align_horizontal=\u00a0\u00bbalign_center\u00a0\u00bb overlay_alpha=\u00a0\u00bb33&Prime; gutter_size=\u00a0\u00bb3&Prime; medium_visibility=\u00a0\u00bbyes\u00a0\u00bb medium_width=\u00a0\u00bb0&Prime; mobile_visibility=\u00a0\u00bbyes\u00a0\u00bb mobile_width=\u00a0\u00bb0&Prime; shift_x=\u00a0\u00bb0&Prime; shift_y=\u00a0\u00bb0&Prime; shift_y_down=\u00a0\u00bb0&Prime; z_index=\u00a0\u00bb0&Prime; width=\u00a0\u00bb1\/4&Prime;][\/vc_column][vc_column width=\u00a0\u00bb1\/2&Prime;][vc_empty_space empty_h=\u00a0\u00bb2&Prime; desktop_visibility=\u00a0\u00bbyes\u00a0\u00bb mobile_visibility=\u00a0\u00bbyes\u00a0\u00bb][vc_raw_html]JTNDdmlkZW8lMjBjb250cm9scyUyMGF1dG9wbGF5JTIwbG9vcCUyMG11dGVkJTIwcGxheXNpbmxpbmUlM0UlMEElMjAlMjAlM0Nzb3VyY2UlMjBzcmMlM0QlMjJodHRwcyUzQSUyRiUyRmVxdWlsaWJlcnR5Lm9yZyUyRndwLWNvbnRlbnQlMkZ1cGxvYWRzJTJGMjAxOSUyRjAxJTJGbGlmZXN0eWxlLXNtYWxsLm1wNCUyMiUyMHR5cGUlM0QlMjJ2aWRlbyUyRm1wNCUyMiUzRSUwQSUyMCUyMCUzQ3NvdXJjZSUyMHNyYyUzRCUyMmh0dHBzJTNBJTJGJTJGZXF1aWxpYmVydHkub3JnJTJGd3AtY29udGVudCUyRnVwbG9hZHMlMkYyMDE5JTJGMDElMkZsaWZlc3R5bGUtc21hbGwub2dnJTIyJTIwdHlwZSUzRCUyMnZpZGVvJTJGb2dnJTIyJTNFJTBBWW91ciUyMGJyb3dzZXIlMjBkb2VzJTIwbm90JTIwc3VwcG9ydCUyMHRoZSUyMHZpZGVvJTIwdGFnLiUwQSUzQyUyRnZpZGVvJTNFJTBBJTNDc2NyaXB0JTNFJTBBJTIwJTIwJTIwJTIwZG9jdW1lbnQuZ2V0RWxlbWVudEJ5SWQlMjglMjd2aWQlMjclMjkucGxheSUyOCUyOSUzQiUwQSUzQyUyRnNjcmlwdCUzRQ==[\/vc_raw_html][\/vc_column][vc_column column_width_percent=\u00a0\u00bb100&Prime; position_vertical=\u00a0\u00bbmiddle\u00a0\u00bb align_horizontal=\u00a0\u00bbalign_center\u00a0\u00bb overlay_alpha=\u00a0\u00bb33&Prime; gutter_size=\u00a0\u00bb3&Prime; medium_width=\u00a0\u00bb0&Prime; mobile_width=\u00a0\u00bb0&Prime; shift_x=\u00a0\u00bb0&Prime; shift_y=\u00a0\u00bb0&Prime; shift_y_down=\u00a0\u00bb0&Prime; z_index=\u00a0\u00bb0&Prime; width=\u00a0\u00bb1\/4&Prime;][vc_single_image media=\u00a0\u00bb1291&Prime; media_width_percent=\u00a0\u00bb100&Prime; advanced=\u00a0\u00bbyes\u00a0\u00bb media_items=\u00a0\u00bbmedia|original,title,description\u00a0\u00bb media_overlay_opacity=\u00a0\u00bb50&Prime; media_text_visible=\u00a0\u00bbyes\u00a0\u00bb media_overlay_visible=\u00a0\u00bbyes\u00a0\u00bb media_h_align=\u00a0\u00bbcenter\u00a0\u00bb media_padding=\u00a0\u00bb2&Prime; media_link=\u00a0\u00bburl:https%3A%2F%2Fequiliberty.org%2Ffr%2Fblog%2F|||\u00a0\u00bb][\/vc_column][\/vc_row]<\/p>\n","protected":false},"excerpt":{"rendered":"<p>[vc_row row_height_percent=\u00a0\u00bb0&Prime; overlay_alpha=\u00a0\u00bb50&Prime; gutter_size=\u00a0\u00bb3&Prime; column_width_percent=\u00a0\u00bb100&Prime; mobile_visibility=\u00a0\u00bbyes\u00a0\u00bb shift_y=\u00a0\u00bb0&Prime; z_index=\u00a0\u00bb0&Prime; css=\u00a0\u00bb.vc_custom_1546527884186{padding-top: 18px !important;}\u00a0\u00bb][vc_column column_width_percent=\u00a0\u00bb100&Prime; align_horizontal=\u00a0\u00bbalign_center\u00a0\u00bb overlay_alpha=\u00a0\u00bb50&Prime; gutter_size=\u00a0\u00bb3&Prime; medium_width=\u00a0\u00bb0&Prime; mobile_width=\u00a0\u00bb0&Prime; shift_x=\u00a0\u00bb0&Prime; shift_y=\u00a0\u00bb0&Prime; shift_y_down=\u00a0\u00bb0&Prime; [&hellip;]<\/p>\n","protected":false},"author":2,"featured_media":0,"parent":0,"menu_order":0,"comment_status":"closed","ping_status":"closed","template":"","meta":[],"aioseo_notices":[],"_links":{"self":[{"href":"https:\/\/equiliberty.org\/fr\/wp-json\/wp\/v2\/pages\/810"}],"collection":[{"href":"https:\/\/equiliberty.org\/fr\/wp-json\/wp\/v2\/pages"}],"about":[{"href":"https:\/\/equiliberty.org\/fr\/wp-json\/wp\/v2\/types\/page"}],"author":[{"embeddable":true,"href":"https:\/\/equiliberty.org\/fr\/wp-json\/wp\/v2\/users\/2"}],"replies":[{"embeddable":true,"href":"https:\/\/equiliberty.org\/fr\/wp-json\/wp\/v2\/comments?post=810"}],"version-history":[{"count":3,"href":"https:\/\/equiliberty.org\/fr\/wp-json\/wp\/v2\/pages\/810\/revisions"}],"predecessor-version":[{"id":1504,"href":"https:\/\/equiliberty.org\/fr\/wp-json\/wp\/v2\/pages\/810\/revisions\/1504"}],"wp:attachment":[{"href":"https:\/\/equiliberty.org\/fr\/wp-json\/wp\/v2\/media?parent=810"}],"curies":[{"name":"wp","href":"https:\/\/api.w.org\/{rel}","templated":true}]}}